{"id":232,"date":"2019-01-27T15:35:06","date_gmt":"2019-01-27T15:35:06","guid":{"rendered":"http:\/\/kimbungakifahari.de\/?page_id=232"},"modified":"2024-04-22T10:59:16","modified_gmt":"2024-04-22T10:59:16","slug":"links","status":"publish","type":"page","link":"https:\/\/kimbungakifahari.de\/?page_id=232","title":{"rendered":"Links"},"content":{"rendered":"\n<p><strong>Freunde &amp; Bekannte:<\/strong><\/p>\n\n\n\n<p>of Kimberley\u00b4s Diamonds :&nbsp;<a href=\"http:\/\/www.quabela.de\/\" target=\"_blank\" rel=\"noreferrer noopener\" aria-label=\" (\u00f6ffnet in neuem Tab)\">www.quabela.de<\/a><\/p>\n\n\n\n<p>Hunterholm:&nbsp;<a href=\"https:\/\/web.archive.org\/web\/20180828213841\/http:\/\/www.hunterholm.de\/\" target=\"_blank\" rel=\"noreferrer noopener\">www.hunterholm.de<\/a><\/p>\n\n\n\n<p>Special Diamonds Rhodesian Ridgeback Deckr\u00fcden :&nbsp;<a href=\"http:\/\/www.special-diamonds-rr.de\/\">www.special-diamonds-rr.de<\/a><\/p>\n\n\n\n<p>Teamspirit &#8211; Zentrum f\u00fcr Mensch und Hund : <a href=\"https:\/\/www.teamspirit-menschhund.de\/\">www.teamspirit-menschhund.de<\/a><\/p>\n\n\n\n<p><strong>Nachzucht unserer W\u00fcrfe:<\/strong><\/p>\n\n\n\n<p>Ayaro of Kimbunga Kifahari:&nbsp;<a href=\"http:\/\/www.rr-freiberg.de\/\">www.rr-freiberg.de<\/a><\/p>\n\n\n\n<p><strong>Deckpartner unserer W\u00fcrfe:<\/strong><\/p>\n\n\n\n<p>A-Wurf:&nbsp;<a href=\"https:\/\/www.anunnaki.cz\/Anglicka_verze\/Elvis_informace_angl.htm\">Kadamo It\u00b4s Now or Never \u2013 \u201eElvis\u201c<\/a><\/p>\n\n\n\n<p>B-Wurf:&nbsp;<a href=\"https:\/\/www.anunnaki.cz\/Anglicka_verze\/Elvis_informace_angl.htm\">Kadamo It\u00b4s Now or Never \u2013 \u201eElvis\u201c<\/a><\/p>\n\n\n\n<p>C-Wurf: <a href=\"https:\/\/www.ridgeback-nienburg.de\/unsere-hunde\/umzinto-bomani\/\">www.ridgeback-nienburg.de\/unsere-hunde\/umzinto-bomani\/<\/a> <\/p>\n\n\n\n<p>D-Wurf: <a href=\"https:\/\/www.algarvelionhunters.com\/\">https:\/\/www.algarvelionhunters.com\/<\/a><\/p>\n\n\n\n<p><strong>Vereine &amp; Verb\u00e4nde:<\/strong><\/p>\n\n\n\n<p>Ridgeback in Not:&nbsp;<a href=\"http:\/\/www.ridgeback-in-not.de\/\" target=\"_blank\" rel=\"noreferrer noopener\" aria-label=\" (\u00f6ffnet in neuem Tab)\">www.ridgeback-in-not.de<\/a><\/p>\n\n\n\n<p>Ridgeback Hilfe:&nbsp;<a href=\"http:\/\/www.rhodesian-ridgeback-hilfe.de\/\" target=\"_blank\" rel=\"noreferrer noopener\" aria-label=\" (\u00f6ffnet in neuem Tab)\">www.rhodesian-ridgeback-hilfe.de<\/a><\/p>\n\n\n\n<p>BHV \u2013 Berufsverband der Hundeerzieher und Verhaltensberater:&nbsp;<a href=\"http:\/\/www.hundeschulen.de\/\">www.hundeschulen.de<\/a><\/p>\n\n\n\n<p>DZRR \u2013 Deutsche Z\u00fcchtergemeinschaft Rhodesian Ridgeback e.V.:&nbsp;<a href=\"http:\/\/www.dzrr.de\/\" target=\"_blank\" rel=\"noreferrer noopener\" aria-label=\" (\u00f6ffnet in neuem Tab)\">www.dzrr.de<\/a><\/p>\n\n\n\n<p>VDH \u2013 Verband Deutsches Hundewesen:&nbsp;<a href=\"http:\/\/www.vdh.de\/\" target=\"_blank\" rel=\"noreferrer noopener\" aria-label=\" (\u00f6ffnet in neuem Tab)\">www.vdh.de<\/a><\/p>\n\n\n\n<p>FCI \u2013 Federation Cynologique Internationale:&nbsp;<a href=\"http:\/\/www.fci.be\/\">www.fci.be<\/a><\/p>\n\n\n\n<p><strong>sonstiges:<\/strong><\/p>\n\n\n\n<p>Rhodesian Ridgeback Plattform I:&nbsp;<a href=\"http:\/\/www.rhodesian-ridgeback.org\/\">http:\/\/www.rhodesian-ridgeback.org<\/a><\/p>\n\n\n\n<p>Rhodesian Ridgeback Plattform II:&nbsp;<a href=\"https:\/\/www.myrhodesianridgeback.de\/\">https:\/\/www.myrhodesianridgeback.de<\/a><\/p>\n","protected":false},"excerpt":{"rendered":"<p>Freunde &amp; Bekannte: of Kimberley\u00b4s Diamonds :&nbsp;www.quabela.de Hunterholm:&nbsp;www.hunterholm.de Special Diamonds Rhodesian Ridgeback Deckr\u00fcden :&nbsp;www.special-diamonds-rr.de Teamspirit &#8211; Zentrum f\u00fcr Mensch und Hund : www.teamspirit-menschhund.de Nachzucht unserer W\u00fcrfe: Ayaro of Kimbunga Kifahari:&nbsp;www.rr-freiberg.de Deckpartner unserer W\u00fcrfe: A-Wurf:&nbsp;Kadamo It\u00b4s Now or Never \u2013 \u201eElvis\u201c B-Wurf:&nbsp;Kadamo It\u00b4s Now or Never \u2013 \u201eElvis\u201c C-Wurf: www.ridgeback-nienburg.de\/unsere-hunde\/umzinto-bomani\/ D-Wurf: https:\/\/www.algarvelionhunters.com\/ Vereine &amp; Verb\u00e4nde: Ridgeback in Not:&nbsp;www.ridgeback-in-not.de Ridgeback Hilfe:&nbsp;www.rhodesian-ridgeback-hilfe.de BHV \u2013 Berufsverband der Hundeerzieher und Verhaltensberater:&nbsp;www.hundeschulen.de DZRR \u2013 Deutsche Z\u00fcchtergemeinschaft&hellip;<\/p>\n","protected":false},"author":1,"featured_media":0,"parent":0,"menu_order":0,"comment_status":"closed","ping_status":"closed","template":"","meta":{"footnotes":""},"class_list":["post-232","page","type-page","status-publish","hentry","no-post-thumbnail"],"_links":{"self":[{"href":"https:\/\/kimbungakifahari.de\/index.php?rest_route=\/wp\/v2\/pages\/232"}],"collection":[{"href":"https:\/\/kimbungakifahari.de\/index.php?rest_route=\/wp\/v2\/pages"}],"about":[{"href":"https:\/\/kimbungakifahari.de\/index.php?rest_route=\/wp\/v2\/types\/page"}],"author":[{"embeddable":true,"href":"https:\/\/kimbungakifahari.de\/index.php?rest_route=\/wp\/v2\/users\/1"}],"replies":[{"embeddable":true,"href":"https:\/\/kimbungakifahari.de\/index.php?rest_route=%2Fwp%2Fv2%2Fcomments&post=232"}],"version-history":[{"count":10,"href":"https:\/\/kimbungakifahari.de\/index.php?rest_route=\/wp\/v2\/pages\/232\/revisions"}],"predecessor-version":[{"id":1713,"href":"https:\/\/kimbungakifahari.de\/index.php?rest_route=\/wp\/v2\/pages\/232\/revisions\/1713"}],"wp:attachment":[{"href":"https:\/\/kimbungakifahari.de\/index.php?rest_route=%2Fwp%2Fv2%2Fmedia&parent=232"}],"curies":[{"name":"wp","href":"https:\/\/api.w.org\/{rel}","templated":true}]}}