{"id":225,"date":"2019-01-27T15:31:45","date_gmt":"2019-01-27T15:31:45","guid":{"rendered":"http:\/\/kimbungakifahari.de\/?page_id=225"},"modified":"2019-01-27T15:34:07","modified_gmt":"2019-01-27T15:34:07","slug":"gesundheit","status":"publish","type":"page","link":"https:\/\/kimbungakifahari.de\/?page_id=225","title":{"rendered":"Gesundheit"},"content":{"rendered":"\n<h2 class=\"wp-block-heading\">K\u00f6rperpflege beim Rhodesian Ridgeback<\/h2>\n\n\n\n<p><strong>Alle kurzhaarigen Hunde sind recht pflegeleicht. Allerdings sollte man auch bei diesen Rassen einige Pflegema\u00dfnahmen ergreifen:<\/strong><\/p>\n\n\n\n<ul class=\"wp-block-list\"><li>einmal w\u00f6chentlich den Hund mit einem Gumminoppen-Striegel oder einer Hundeb\u00fcrste abb\u00fcrsten. Dadurch wird die Durchblutung angeregt und der Haarwechsel erleichtert.<\/li><li>w\u00f6chentliche Ohrenkontrolle: bei leichten braunen R\u00e4ndern unbedingt die Ohren vorsichtig mit einem weichen Tuch reinigen, sonst kann es zu Entz\u00fcndungen kommen. Ggf. beim Tierarzt zeigen lassen, wie es richtig gemacht wird.<\/li><li>Krallen und Pfoten regelm\u00e4\u00dfig kontrollieren. Die Krallen laufen sich nicht immer automatisch ab bzw. sie laufen sich unterschiedlich ab. Zu lange Krallen verursachen schnell Schmerzen, auch wenn das der Hund nicht zwingend zeigt.<\/li><li>&nbsp;die zweiten Z\u00e4hne sollten wie auch beim Menschen regelm\u00e4\u00dfig gepflegt werden. Hierzu reicht nicht die Gabe von Kauartikeln aus. Es empfiehlt sich mindestens einmal pro Woche die Z\u00e4hne mit einer speziellen B\u00fcrste und Zahnpasta zu reinigen. So wird Zahnstein, Maulgeruch und Entz\u00fcndungen vorgebeugt. Tipp: Beginnen Sie schon im Welpenalter den Hund an eine geeignete Zahnb\u00fcrste zu gew\u00f6hnen.<\/li><li>N\u00e4sse durch schwimmen oder Spazierg\u00e4nge in der kalten Jahreszeit: Sorgen sie durch ausreichend Bewegung oder besser noch sofortiges abfrottieren f\u00fcr eine schnelle Trocknung des Fells. Ridgebacks haben keine dicke Unterwolle, so dass sie sehr schnell frieren. Als Folge von frieren k\u00f6nnen Erk\u00e4ltungen, Blasen- oder Nierenerkrankungen auftreten.<\/li><\/ul>\n","protected":false},"excerpt":{"rendered":"<p>K\u00f6rperpflege beim Rhodesian Ridgeback Alle kurzhaarigen Hunde sind recht pflegeleicht. Allerdings sollte man auch bei diesen Rassen einige Pflegema\u00dfnahmen ergreifen: einmal w\u00f6chentlich den Hund mit einem Gumminoppen-Striegel oder einer Hundeb\u00fcrste abb\u00fcrsten. Dadurch wird die Durchblutung angeregt und der Haarwechsel erleichtert. w\u00f6chentliche Ohrenkontrolle: bei leichten braunen R\u00e4ndern unbedingt die Ohren vorsichtig mit einem weichen Tuch reinigen, sonst kann es zu Entz\u00fcndungen kommen. Ggf. beim Tierarzt zeigen lassen, wie es richtig gemacht&hellip;<\/p>\n","protected":false},"author":1,"featured_media":0,"parent":0,"menu_order":0,"comment_status":"closed","ping_status":"closed","template":"","meta":{"footnotes":""},"class_list":["post-225","page","type-page","status-publish","hentry","no-post-thumbnail"],"_links":{"self":[{"href":"https:\/\/kimbungakifahari.de\/index.php?rest_route=\/wp\/v2\/pages\/225"}],"collection":[{"href":"https:\/\/kimbungakifahari.de\/index.php?rest_route=\/wp\/v2\/pages"}],"about":[{"href":"https:\/\/kimbungakifahari.de\/index.php?rest_route=\/wp\/v2\/types\/page"}],"author":[{"embeddable":true,"href":"https:\/\/kimbungakifahari.de\/index.php?rest_route=\/wp\/v2\/users\/1"}],"replies":[{"embeddable":true,"href":"https:\/\/kimbungakifahari.de\/index.php?rest_route=%2Fwp%2Fv2%2Fcomments&post=225"}],"version-history":[{"count":3,"href":"https:\/\/kimbungakifahari.de\/index.php?rest_route=\/wp\/v2\/pages\/225\/revisions"}],"predecessor-version":[{"id":231,"href":"https:\/\/kimbungakifahari.de\/index.php?rest_route=\/wp\/v2\/pages\/225\/revisions\/231"}],"wp:attachment":[{"href":"https:\/\/kimbungakifahari.de\/index.php?rest_route=%2Fwp%2Fv2%2Fmedia&parent=225"}],"curies":[{"name":"wp","href":"https:\/\/api.w.org\/{rel}","templated":true}]}}