{"id":97,"date":"2019-01-26T10:04:31","date_gmt":"2019-01-26T10:04:31","guid":{"rendered":"http:\/\/kimbungakifahari.de\/?page_id=97"},"modified":"2024-10-03T09:58:36","modified_gmt":"2024-10-03T09:58:36","slug":"ueber-uns","status":"publish","type":"page","link":"http:\/\/kimbungakifahari.de\/?page_id=97","title":{"rendered":"\u00dcber uns"},"content":{"rendered":"\n<figure class=\"wp-block-image\"><img loading=\"lazy\" decoding=\"async\" width=\"1024\" height=\"683\" src=\"http:\/\/kimbungakifahari.de\/wp-content\/uploads\/2019\/01\/IMG_2621-2-1200-1024x683.jpg\" alt=\"\" class=\"wp-image-197\" srcset=\"http:\/\/kimbungakifahari.de\/wp-content\/uploads\/2019\/01\/IMG_2621-2-1200-1024x683.jpg 1024w, http:\/\/kimbungakifahari.de\/wp-content\/uploads\/2019\/01\/IMG_2621-2-1200-300x200.jpg 300w, http:\/\/kimbungakifahari.de\/wp-content\/uploads\/2019\/01\/IMG_2621-2-1200-768x512.jpg 768w, http:\/\/kimbungakifahari.de\/wp-content\/uploads\/2019\/01\/IMG_2621-2-1200.jpg 1200w\" sizes=\"(max-width: 1024px) 100vw, 1024px\" \/><figcaption class=\"wp-element-caption\">Ema, Ina und Olaf am Strand von Binz 2014<\/figcaption><\/figure>\n\n\n\n<h1 class=\"wp-block-heading\">Ein Rhodesian Ridgeback &#8211; wie kommt man darauf?<\/h1>\n\n\n\n<p>Mein Mann Olaf und ich (Ina) leben seit 2010 im beschaulichen Wandlitz-einem Vorort im Nordosten von Berlin. Zusammen mit unseren drei Rhodesian Ridgeback H\u00fcndinnen Ema, Hera und Carla genie\u00dfen wir umgeben von vielen W\u00e4ldern und Seen tagt\u00e4glich die wunderbare Natur. Wir haben das Gl\u00fcck dort zu leben, wo andere gerne Urlaub machen.<\/p>\n\n\n\n<p>Ema ist unsere erste Rhodesian Ridgeback H\u00fcndin aus dem Kennel of Kimberley\u00b4s Diamonds von Marion Riedel aus Oschersleben. Dort ist Sie im Oktober 2013 zusammen mit acht weiteren Welpen geboren worden. Ema bedeutet im Afrikanischen <em>\u201egut bzw. g\u00fctig\u201c <\/em>was auch absolut Ihrem Wesen entspricht.        Sie ist eine gutm\u00fctige, ruhige, aufmerksame, sensible und sehr elegante H\u00fcndin. Allerdings hat Sie auch eine andere, eine <em>\u201ewirbelwindartige\u201c<\/em> Seite. Sie ist wahnsinnig neugierig an allen Dingen dieser Welt und hat einen stark ausgepr\u00e4gten Willen. Im zarten Alter von 9 Wochen zog Ema bei uns ein und seit diesem Tag fegte ein kleiner Wirbelwind durch unser Heim.<\/p>\n\n\n\n<p>Ab dem ersten Tag haben wir mit Ihr die Hundeschule in Wandlitz besucht. Dort hat sie viele andere Hunderassen kennengelernt und sich sehr gut sozialisiert. Mittlerweile geht Ema regelm\u00e4\u00dfig zum Agility, was Ihr sehr viel Spa\u00df und Freude bereitet. An den Wochenenden treffen wir uns regelm\u00e4\u00dfig mit Hundebesitzern vieler Rassen zu Waldspazierg\u00e4ngen. Des Weiteren haben wir im September 2017 den Hundef\u00fchrerschein mit Ihr bestanden.<\/p>\n\n\n\n<p>Im Laufe des ersten Lebensjahrs unser Rhodesian Ridgeback H\u00fcndin Ema reifte der Entschluss, einen weiteren Hund bei uns einziehen zu lassen. Da Ema ein absoluter Traumhund im t\u00e4glichen Leben ist entschlossen wir uns mit Ihr einen Wurf zu wagen und daraus eine weitere H\u00fcndin mit in unser kleines Rudel zu integrieren. <\/p>\n\n\n\n<p>Wir schlossen uns dem<strong> DZRR (Deutsche Z\u00fcchtergemeinschaft Rhodesian Ridgeback) <\/strong>an und wurden Z\u00fcchter im<strong> VDH\/FCI<\/strong>. Wir gr\u00fcndeten unseren Kennel unter dem Namen <strong>of Kimbunga Kifahari<\/strong>, was frei \u00fcbersetzt <em>vom eleganten Wirbelwind <\/em>bedeutet.<\/p>\n\n\n\n<p>Im DZRR erhalten wir seit diesem Tag wertvolle Unterst\u00fctzung f\u00fcr die Umsetzung unserer Zucht, sei es durch Hilfe des Zuchtverbandes, befreundete Z\u00fcchter oder auch die Teilnahmen an vielen wissenschaftlichen Fortbildungen.<\/p>\n\n\n\n<p>Nach langer, intensiver Suche fanden wir einen geeigneten Rhodesian Ridgeback Deckr\u00fcden f\u00fcr unseren A- Wurf. Die Entscheidung f\u00fcr den \u201e<em>richtigen<\/em>\u201c R\u00fcden fiel uns sehr schwer, da wir einen ausdrucksstarken, sozial vertr\u00e4glich und gesundheitlich einwandfreien Partner f\u00fcr Ema suchten. Ema h\u00e4tte sich nat\u00fcrlich am liebsten f\u00fcr Ihren besten Kumpel -einen Jack Russel Terrier -Oskar entschieden \u2013 aber da er kein Rhodesian Ridgeback ist fiel das leider aus.<\/p>\n\n\n\n<p>Am 23. April 2017 war es endlich soweit. Emas erste Welpen- zwei H\u00fcndinnen und drei R\u00fcden erblickten das Licht der Welt (mehr zum A-Wurf &#8211; Gottheiten der Antike- finden Sie unter der Rubrik Zucht).<\/p>\n\n\n\n<p>Ava Hera of Kimbunga Kifahari \u2013 genannt Hera- ist aus dem Wurf bei uns geblieben. Ava bedeutet im Afrikanischen &#8222;die Starke, die Kr\u00e4ftige&#8220;. Hera ist eine der 12 Olympier und ist in der griechischen Mythologie die\u00a0G\u00f6ttin der Ehe, der Frauen und der Familie sowie Schutzg\u00f6ttin geb\u00e4render Frauen. Hera ist eine ganz besondere H\u00fcndin, die unserer t\u00e4gliches Leben um sehr viele lustige aber auch aufregende Momente bereichert. Wie Ihre Mama Ema ist Sie eine gutm\u00fctige, sensible, sehr willensstarke und sehr elegante H\u00fcndin. (Mehr zu Hera finden Sie unter der Rubrik unsere Hunde.)<\/p>\n\n\n\n<p>2023 war es dann noch einmal soweit, unser D-Wurf erblickte zu Ostern das Licht der Welt. Aus dieser Verpaarung blieb die kleine Frau T\u00fcrkis mit dem Nick Namen Carla &#8211; bei uns. Passend f\u00fcr die VDH Papiere bekam Sie den wundersch\u00f6nen Namen Donja Carla of Kimbunga Kifahari.                                                 Donja bedeutet &#8222;Herrin oder auch starke Frau&#8220;, Carla steht im portugiesischen f\u00fcr &#8222;die Freie&#8220;,  was absolut Ihrem Wesen entspricht. Carla hat feuriges, portugiesisches Temperament gepaart mit einem sehr freundlichen und neugierigem Wesen. Ganz Ridgeback Typisch hat auch Sie einen sehr stark ausgepr\u00e4gten Willen. Sie ist immer freundlich zu Mensch und Tier und aufgeschlossen allem neuen gegen\u00fcber. Sie zeigt uns Tag t\u00e4glich wie unterschiedlich Hunde und Ihre eigenen Charaktere sein k\u00f6nnen.<\/p>\n\n\n\n<figure class=\"wp-block-image size-large\"><img loading=\"lazy\" decoding=\"async\" width=\"1024\" height=\"768\" src=\"http:\/\/kimbungakifahari.de\/wp-content\/uploads\/2024\/04\/421926105_700491335618160_6624976217073150693_n-1024x768.jpg\" alt=\"\" class=\"wp-image-1899\" srcset=\"http:\/\/kimbungakifahari.de\/wp-content\/uploads\/2024\/04\/421926105_700491335618160_6624976217073150693_n-1024x768.jpg 1024w, http:\/\/kimbungakifahari.de\/wp-content\/uploads\/2024\/04\/421926105_700491335618160_6624976217073150693_n-300x225.jpg 300w, http:\/\/kimbungakifahari.de\/wp-content\/uploads\/2024\/04\/421926105_700491335618160_6624976217073150693_n-768x576.jpg 768w, http:\/\/kimbungakifahari.de\/wp-content\/uploads\/2024\/04\/421926105_700491335618160_6624976217073150693_n-1536x1152.jpg 1536w, http:\/\/kimbungakifahari.de\/wp-content\/uploads\/2024\/04\/421926105_700491335618160_6624976217073150693_n.jpg 1600w\" sizes=\"(max-width: 1024px) 100vw, 1024px\" \/><\/figure>\n\n\n\n<p><\/p>\n\n\n\n<p><\/p>\n\n\n\n<p><\/p>\n\n\n\n<figure class=\"wp-block-image\"><img decoding=\"async\" src=\"https:\/\/www.njia-jamaa.de\/images\/Bildschirmfoto-2012-03-19-um-13.47.53.png\" alt=\"\"\/><\/figure>\n","protected":false},"excerpt":{"rendered":"<p>Ein Rhodesian Ridgeback &#8211; wie kommt man darauf? Mein Mann Olaf und ich (Ina) leben seit 2010 im beschaulichen Wandlitz-einem Vorort im Nordosten von Berlin. Zusammen mit unseren drei Rhodesian Ridgeback H\u00fcndinnen Ema, Hera und Carla genie\u00dfen wir umgeben von vielen W\u00e4ldern und Seen tagt\u00e4glich die wunderbare Natur. Wir haben das Gl\u00fcck dort zu leben, wo andere gerne Urlaub machen. Ema ist unsere erste Rhodesian Ridgeback H\u00fcndin aus dem Kennel&hellip;<\/p>\n","protected":false},"author":1,"featured_media":0,"parent":0,"menu_order":0,"comment_status":"closed","ping_status":"closed","template":"","meta":{"footnotes":""},"class_list":["post-97","page","type-page","status-publish","hentry","no-post-thumbnail"],"_links":{"self":[{"href":"http:\/\/kimbungakifahari.de\/index.php?rest_route=\/wp\/v2\/pages\/97"}],"collection":[{"href":"http:\/\/kimbungakifahari.de\/index.php?rest_route=\/wp\/v2\/pages"}],"about":[{"href":"http:\/\/kimbungakifahari.de\/index.php?rest_route=\/wp\/v2\/types\/page"}],"author":[{"embeddable":true,"href":"http:\/\/kimbungakifahari.de\/index.php?rest_route=\/wp\/v2\/users\/1"}],"replies":[{"embeddable":true,"href":"http:\/\/kimbungakifahari.de\/index.php?rest_route=%2Fwp%2Fv2%2Fcomments&post=97"}],"version-history":[{"count":14,"href":"http:\/\/kimbungakifahari.de\/index.php?rest_route=\/wp\/v2\/pages\/97\/revisions"}],"predecessor-version":[{"id":1918,"href":"http:\/\/kimbungakifahari.de\/index.php?rest_route=\/wp\/v2\/pages\/97\/revisions\/1918"}],"wp:attachment":[{"href":"http:\/\/kimbungakifahari.de\/index.php?rest_route=%2Fwp%2Fv2%2Fmedia&parent=97"}],"curies":[{"name":"wp","href":"https:\/\/api.w.org\/{rel}","templated":true}]}}