{"id":219,"date":"2019-01-27T15:27:46","date_gmt":"2019-01-27T15:27:46","guid":{"rendered":"http:\/\/kimbungakifahari.de\/?page_id=219"},"modified":"2019-01-27T15:27:47","modified_gmt":"2019-01-27T15:27:47","slug":"rasseportrait","status":"publish","type":"page","link":"http:\/\/kimbungakifahari.de\/?page_id=219","title":{"rendered":"Rasseportrait"},"content":{"rendered":"\n<p><\/p>\n\n\n\n<p>Urspr\u00fcnglich f\u00fcr die L\u00f6wenjagd gedacht, h\u00e4lt der Rhodesian Ridgeback heute immer h\u00e4ufiger als Familienhund Einzug in die deutschen Haushalte.<\/p>\n\n\n\n<p>Der Rhodesian Ridgeback ist ein kluger, sensibler, eleganter, sportlicher und loyaler Hund, der die Teamarbeit in und mit seiner Familie liebt, aber auch ein sehr eigenwilliges Wesen mit einer starken Durchsetzungskraft mitbringt.<\/p>\n\n\n\n<p>Fremden Menschen gegen\u00fcber ist er zur\u00fcckhaltend, aber niemals aggressiv.<\/p>\n\n\n\n<p>Durch seine Sensibilit\u00e4t, die tief in Ihm verankert ist, erfordert es gro\u00dfes Einf\u00fchlungsverm\u00f6gen bei seiner Erziehung. Die Besitzer sollten eine liebevolle, konsequente Art verfolgen, damit der Ridgeback zu einem guten Kameraden und Weggef\u00e4hrten heranw\u00e4chst. H\u00e4rte ist hier v\u00f6llig fehl am Platz.<\/p>\n\n\n\n<p>Vor der Anschaffung eines Rhodesian Ridgeback sollte man sich informieren, viele Z\u00fcchter besuchen und sich im klaren dar\u00fcber sein, welch ein hoher Anspruch an Erziehungsbereitschaft von einem selbst abverlangt wird. F\u00fcr jeden Ridgeback Besitzer sollte es ein Muss sein, seinen Hund k\u00f6rperlich und geistig sinnvoll zu besch\u00e4ftigen und Ihn somit gut auszulasten. Die liebevolle Konsequenz in der Erziehung hat sich bestens bew\u00e4hrt. Bei H\u00e4rte und Zwang in der Erziehung kann es dazu kommen, dass der Hund&nbsp;<em>sich<\/em>&nbsp;und seine Leistungsbereitschaft schlichtweg verweigert!<\/p>\n\n\n\n<p>Ein Rhodesian Ridgeback braucht Aufgaben, die er erf\u00fcllen kann, denn dann ist er gl\u00fccklich und ausgeglichen. Seine bisherige Verwendung reicht hierbei vom Jagdhund (F\u00e4hrten- und Schwei\u00dfarbeit), Mantrailer, Rettungshund bis hin zu Agility oder auch Obedience.<\/p>\n\n\n\n<p>Der Rhodesian Ridgeback geh\u00f6rt zu den Laufhunden und hat somit einen ausgepr\u00e4gten Bewegungsdrang . Eine gute M\u00f6glichkeit diesem Bewegungsdrang Rechnung zu tragen ist z.B. das Laufen am Rad, Jogging oder eine Reitbegleitschaft.<\/p>\n\n\n\n<p>Wenn Sie ihrem Herzenshund all diese M\u00f6glichkeiten bieten haben sie einen absolut verl\u00e4sslichen Partner, der mit seinem Besitzer durch dick und d\u00fcnn geht.<\/p>\n\n\n\n<p>Denken Sie immer daran, dass Ihr Partner gerne \u00fcberall mit dabei sein m\u00f6chte. Egal ob im Restaurant oder bei der Arbeit \u2013 bei fr\u00fchzeitiger Gew\u00f6hnung ergeben sich dabei \u00fcberhaupt keine Probleme.<\/p>\n\n\n\n<p>Beherzigen Sie die bisher genannten Dinge zu der Erziehung und Haltung des afrikanischen L\u00f6wenj\u00e4gers, entwickeln sich diese zu tollen und z\u00e4rtlichen Familienhunden, die sowohl mit den ganz jungen als auch mit den \u00e4lteren Menschen liebevoll umgehen.<\/p>\n\n\n\n<p>Ein Hund, auch wenn er noch so s\u00fc\u00df und knuffig aussieht, ist kein Spielzeug, das grenzenlos geschmust werden kann. Hier hilft die sorgf\u00e4ltige Aufsicht durch die Erwachsenen. Besonders bei Kleinkindern sollte der Hund vor dem manchmal etwas groben Erkundungsdrang der Kinder gesch\u00fctzt werden.<\/p>\n\n\n\n<p>Da der Rhodesian Ridgeback zwingend engen Anschluss an seine Familie ben\u00f6tigt um nicht sozial zu verk\u00fcmmern, ist er nicht f\u00fcr die Zwingerhaltung geeignet.<\/p>\n\n\n\n<p>Rhodesian Ridgebacks sind ausgesprochen wachsame und sehr aufmerksame Hunde. Eine wirklich echte Bedrohung erkennen sie untr\u00fcglich und bieten somit Schutz f\u00fcr die Familie sowie auch f\u00fcr Haus und Hof.<\/p>\n","protected":false},"excerpt":{"rendered":"<p>Urspr\u00fcnglich f\u00fcr die L\u00f6wenjagd gedacht, h\u00e4lt der Rhodesian Ridgeback heute immer h\u00e4ufiger als Familienhund Einzug in die deutschen Haushalte. Der Rhodesian Ridgeback ist ein kluger, sensibler, eleganter, sportlicher und loyaler Hund, der die Teamarbeit in und mit seiner Familie liebt, aber auch ein sehr eigenwilliges Wesen mit einer starken Durchsetzungskraft mitbringt. Fremden Menschen gegen\u00fcber ist er zur\u00fcckhaltend, aber niemals aggressiv. Durch seine Sensibilit\u00e4t, die tief in Ihm verankert ist, erfordert&hellip;<\/p>\n","protected":false},"author":1,"featured_media":0,"parent":0,"menu_order":0,"comment_status":"closed","ping_status":"closed","template":"","meta":{"footnotes":""},"class_list":["post-219","page","type-page","status-publish","hentry","no-post-thumbnail"],"_links":{"self":[{"href":"http:\/\/kimbungakifahari.de\/index.php?rest_route=\/wp\/v2\/pages\/219"}],"collection":[{"href":"http:\/\/kimbungakifahari.de\/index.php?rest_route=\/wp\/v2\/pages"}],"about":[{"href":"http:\/\/kimbungakifahari.de\/index.php?rest_route=\/wp\/v2\/types\/page"}],"author":[{"embeddable":true,"href":"http:\/\/kimbungakifahari.de\/index.php?rest_route=\/wp\/v2\/users\/1"}],"replies":[{"embeddable":true,"href":"http:\/\/kimbungakifahari.de\/index.php?rest_route=%2Fwp%2Fv2%2Fcomments&post=219"}],"version-history":[{"count":1,"href":"http:\/\/kimbungakifahari.de\/index.php?rest_route=\/wp\/v2\/pages\/219\/revisions"}],"predecessor-version":[{"id":221,"href":"http:\/\/kimbungakifahari.de\/index.php?rest_route=\/wp\/v2\/pages\/219\/revisions\/221"}],"wp:attachment":[{"href":"http:\/\/kimbungakifahari.de\/index.php?rest_route=%2Fwp%2Fv2%2Fmedia&parent=219"}],"curies":[{"name":"wp","href":"https:\/\/api.w.org\/{rel}","templated":true}]}}