{"id":1920,"date":"2024-10-03T11:09:25","date_gmt":"2024-10-03T11:09:25","guid":{"rendered":"http:\/\/kimbungakifahari.de\/?page_id=1920"},"modified":"2024-10-03T11:09:31","modified_gmt":"2024-10-03T11:09:31","slug":"ausstellungsergebnisse-3","status":"publish","type":"page","link":"http:\/\/kimbungakifahari.de\/?page_id=1920","title":{"rendered":"Ausstellungsergebnisse"},"content":{"rendered":"\n<p><strong>Donja Carla of Kimbunga Kifahari<\/strong><\/p>\n\n\n\n<figure class=\"wp-block-table is-style-regular\"><table><tbody><tr><th><br>JUGENDKLASSE<\/th><\/tr><tr><td>27.04.2024<br><\/td><td>DZRR Vineta Sieger Gro\u00dfp\u00f6sna<\/td><td>Hanka Pankowa (CZ)<\/td><td><strong>V 2, Res. CAC-J, Anw. Dt. Jug. Ch. VDH<\/strong><\/td><\/tr><tr><td>28.04.2024<br><\/td><td>DZRR Leipziger Seen Sieger Gro\u00dfp\u00f6sna<\/td><td>Iveta Kl\u00e1pov\u00e1 (CZ)<\/td><td><strong>V 4<br><\/strong><\/td><\/tr><tr><td><strong>ZWISCHENKLASSE<\/strong><\/td><\/tr><tr><td><br>11.08.2024<\/td><td>DZRR SRA Harzsieger Wolfshagen<\/td><td>Silvie V\u00e1cha (CZ)<\/td><td><strong>V 1, CAC, CAC (VDH), Harzsieger<\/strong><\/td><\/tr><tr><td><br>07.09.2024<\/td><td>14. CACIB Leipzig<\/td><td>Monika Pehr<\/td><td><br><strong>V 4<\/strong><\/td><\/tr><\/tbody><\/table><\/figure>\n\n\n\n<p><\/p>\n\n\n\n<figure class=\"wp-block-gallery has-nested-images columns-default is-cropped wp-block-gallery-1 is-layout-flex wp-block-gallery-is-layout-flex\">\n<figure class=\"wp-block-image size-large\"><img loading=\"lazy\" decoding=\"async\" width=\"357\" height=\"505\" data-id=\"1932\" src=\"http:\/\/kimbungakifahari.de\/wp-content\/uploads\/2024\/10\/Carla-Urkunde-V2-kl-2.jpg\" alt=\"\" class=\"wp-image-1932\" srcset=\"http:\/\/kimbungakifahari.de\/wp-content\/uploads\/2024\/10\/Carla-Urkunde-V2-kl-2.jpg 357w, http:\/\/kimbungakifahari.de\/wp-content\/uploads\/2024\/10\/Carla-Urkunde-V2-kl-2-212x300.jpg 212w\" sizes=\"(max-width: 357px) 100vw, 357px\" \/><\/figure>\n\n\n\n<figure class=\"wp-block-image size-large\"><img loading=\"lazy\" decoding=\"async\" width=\"724\" height=\"1024\" data-id=\"1933\" src=\"http:\/\/kimbungakifahari.de\/wp-content\/uploads\/2024\/10\/Carla-Urkunde-V4-724x1024.jpg\" alt=\"\" class=\"wp-image-1933\" srcset=\"http:\/\/kimbungakifahari.de\/wp-content\/uploads\/2024\/10\/Carla-Urkunde-V4-724x1024.jpg 724w, http:\/\/kimbungakifahari.de\/wp-content\/uploads\/2024\/10\/Carla-Urkunde-V4-212x300.jpg 212w, http:\/\/kimbungakifahari.de\/wp-content\/uploads\/2024\/10\/Carla-Urkunde-V4-768x1086.jpg 768w, http:\/\/kimbungakifahari.de\/wp-content\/uploads\/2024\/10\/Carla-Urkunde-V4-1087x1536.jpg 1087w, http:\/\/kimbungakifahari.de\/wp-content\/uploads\/2024\/10\/Carla-Urkunde-V4.jpg 1190w\" sizes=\"(max-width: 724px) 100vw, 724px\" \/><\/figure>\n<\/figure>\n\n\n\n<figure class=\"wp-block-image size-full\"><img loading=\"lazy\" decoding=\"async\" width=\"357\" height=\"505\" src=\"http:\/\/kimbungakifahari.de\/wp-content\/uploads\/2024\/10\/20240907120915-3623-1245-Certificate-Carla-Leipzig-kl.jpg\" alt=\"\" class=\"wp-image-1935\" srcset=\"http:\/\/kimbungakifahari.de\/wp-content\/uploads\/2024\/10\/20240907120915-3623-1245-Certificate-Carla-Leipzig-kl.jpg 357w, http:\/\/kimbungakifahari.de\/wp-content\/uploads\/2024\/10\/20240907120915-3623-1245-Certificate-Carla-Leipzig-kl-212x300.jpg 212w\" sizes=\"(max-width: 357px) 100vw, 357px\" \/><\/figure>\n\n\n\n<p><\/p>\n","protected":false},"excerpt":{"rendered":"<p>Donja Carla of Kimbunga Kifahari JUGENDKLASSE 27.04.2024 DZRR Vineta Sieger Gro\u00dfp\u00f6sna Hanka Pankowa (CZ) V 2, Res. CAC-J, Anw. Dt. Jug. Ch. VDH 28.04.2024 DZRR Leipziger Seen Sieger Gro\u00dfp\u00f6sna Iveta Kl\u00e1pov\u00e1 (CZ) V 4 ZWISCHENKLASSE 11.08.2024 DZRR SRA Harzsieger Wolfshagen Silvie V\u00e1cha (CZ) V 1, CAC, CAC (VDH), Harzsieger 07.09.2024 14. CACIB Leipzig Monika Pehr V 4<\/p>\n","protected":false},"author":1,"featured_media":0,"parent":0,"menu_order":0,"comment_status":"closed","ping_status":"closed","template":"","meta":{"footnotes":""},"class_list":["post-1920","page","type-page","status-publish","hentry","no-post-thumbnail"],"_links":{"self":[{"href":"http:\/\/kimbungakifahari.de\/index.php?rest_route=\/wp\/v2\/pages\/1920"}],"collection":[{"href":"http:\/\/kimbungakifahari.de\/index.php?rest_route=\/wp\/v2\/pages"}],"about":[{"href":"http:\/\/kimbungakifahari.de\/index.php?rest_route=\/wp\/v2\/types\/page"}],"author":[{"embeddable":true,"href":"http:\/\/kimbungakifahari.de\/index.php?rest_route=\/wp\/v2\/users\/1"}],"replies":[{"embeddable":true,"href":"http:\/\/kimbungakifahari.de\/index.php?rest_route=%2Fwp%2Fv2%2Fcomments&post=1920"}],"version-history":[{"count":8,"href":"http:\/\/kimbungakifahari.de\/index.php?rest_route=\/wp\/v2\/pages\/1920\/revisions"}],"predecessor-version":[{"id":1937,"href":"http:\/\/kimbungakifahari.de\/index.php?rest_route=\/wp\/v2\/pages\/1920\/revisions\/1937"}],"wp:attachment":[{"href":"http:\/\/kimbungakifahari.de\/index.php?rest_route=%2Fwp%2Fv2%2Fmedia&parent=1920"}],"curies":[{"name":"wp","href":"https:\/\/api.w.org\/{rel}","templated":true}]}}