{"id":103,"date":"2019-01-26T10:05:54","date_gmt":"2019-01-26T10:05:54","guid":{"rendered":"http:\/\/kimbungakifahari.de\/?page_id=103"},"modified":"2021-01-04T09:17:16","modified_gmt":"2021-01-04T09:17:16","slug":"b-wurf-2019","status":"publish","type":"page","link":"http:\/\/kimbungakifahari.de\/?page_id=103","title":{"rendered":"B-Wurf | 2019"},"content":{"rendered":"\n<p style=\"text-align:center\"> <br><strong>Rhodesian Ridgeback 2019 \u2013 die Zweite<\/strong> <\/p>\n\n\n\n<figure class=\"wp-block-image\"><img loading=\"lazy\" decoding=\"async\" width=\"683\" height=\"1024\" src=\"http:\/\/kimbungakifahari.de\/wp-content\/uploads\/2019\/01\/Collage-Ina19-1-683x1024.jpg\" alt=\"\" class=\"wp-image-116\" srcset=\"http:\/\/kimbungakifahari.de\/wp-content\/uploads\/2019\/01\/Collage-Ina19-1-683x1024.jpg 683w, http:\/\/kimbungakifahari.de\/wp-content\/uploads\/2019\/01\/Collage-Ina19-1-200x300.jpg 200w, http:\/\/kimbungakifahari.de\/wp-content\/uploads\/2019\/01\/Collage-Ina19-1-768x1152.jpg 768w\" sizes=\"(max-width: 683px) 100vw, 683px\" \/><\/figure>\n\n\n\n<p>Erstens kommt es anders und zweitens als man denkt!<\/p>\n\n\n\n<p>Am 24. Dezember 2018 haben wir erfahren, dass der von uns ausgew\u00e4hlte Deckr\u00fcde leider nicht zur Verf\u00fcgung steht.<\/p>\n\n\n\n<p>Nun ist es ungemein leicht \u00fcber die Feiertage einen neuen Deckr\u00fcden zu finden. Da auch wir ein besinnliches Weihnachtsfest mit unserer Familie feiern wollten, haben wir kurzerhand zum Messenger gegriffen und von&nbsp;\u0160\u00e1rka, der Besitzerin unseres ersten Deckr\u00fcden die Zusage bekommen, es noch einmal zu wagen\u2026<\/p>\n\n\n\n<p>Ema und Elvis haben sich am 04. Januar 2019 getraut. Wir gehen davon aus, dass um den 09. M\u00e4rz 2019 Ema das zweite Mal gesunde Welpen auf die Welt bringen wird.<\/p>\n\n\n\n<p>Wichtig bei der Auswahl des Deckr\u00fcden waren f\u00fcr uns die folgenden wesentlich weiter vererbbaren Kriterien:<\/p>\n\n\n\n<ul class=\"wp-block-list\"><li>Knochenst\u00e4rke<\/li><li>Gesundheit<\/li><li>ruhige und ausgeglichene Art<\/li><li>t\u00e4glicher Begleiter, auch f\u00fcr Familien mit Kindern<\/li><li>wesensstark<\/li><li>red wheaten mit schwarzem Nasenspiegel<\/li><li>dem Rassestandard entsprechend<\/li><li>wenig wei\u00df an der Vorderbrust und den Zehen<\/li><\/ul>\n\n\n\n<p><strong>Kadamo It\u00b4s Now or Never \u201eElvis\u201c &amp;&nbsp; Ema of Kimberley\u2019s Diamonds<\/strong><\/p>\n\n\n\n<p><\/p>\n\n\n\n<div class=\"wp-block-image\"><figure class=\"alignleft is-resized\"><img loading=\"lazy\" decoding=\"async\" src=\"http:\/\/kimbungakifahari.de\/wp-content\/uploads\/2019\/01\/14352224_1256891741012452_34112343414450356_o-150x150.jpg\" alt=\"\" class=\"wp-image-182\" width=\"231\" height=\"231\"\/><figcaption>Elvis<\/figcaption><\/figure><\/div>\n\n\n\n<div class=\"wp-block-image\"><figure class=\"alignright is-resized\"><img loading=\"lazy\" decoding=\"async\" src=\"http:\/\/kimbungakifahari.de\/wp-content\/uploads\/2019\/01\/14067650_1764338007175110_5170384100558753198_n-150x150.jpg\" alt=\"\" class=\"wp-image-181\" width=\"231\" height=\"231\"\/><figcaption>Ema<\/figcaption><\/figure><\/div>\n\n\n\n\n\n<p><\/p>\n\n\n\n<table class=\"wp-block-table\"><tbody><tr><\/tr><tr><td>22.11.2012<\/td><td>Wurfdatum<\/td><td>13.10.2013<\/td><\/tr><tr><td>Karin F\u00fcrst<\/td><td>Z\u00fcchter<\/td><td>Marion Riedel<\/td><\/tr><tr><td>Hamnuddens Fischer CV<\/td><td>Mutter<\/td><td>Chana-Charie of Kimberley`s Diamonds<\/td><\/tr><tr><td>Lionsbane Hes The Boss<\/td><td>Vater<\/td><td>Abutambu Aziz de Kiungwana<\/td><\/tr><tr><td>cmku\/rr\/7687\/-12\/12<\/td><td>Zuchtbuchnummer<\/td><td>VDH 13\/109 10154<\/td><\/tr><tr><td>68,5 cm<\/td><td>Gr\u00f6\u00dfe<\/td><td>67 cm<\/td><\/tr><tr><td>43 kg<\/td><td>Gewicht<\/td><td>37 kg<\/td><\/tr><tr><td>red wheaten<\/td><td>Farbe<\/td><td>red wheaten<\/td><\/tr><tr><td>black<\/td><td>Nasenspiel<\/td><td>schwarz<\/td><\/tr><tr><td>full set of teeth<\/td><td>Gebiss<\/td><td>vollzahniges Scherengebiss<\/td><\/tr><tr><td>A\/A<\/td><td>HD<\/td><td>A2<\/td><\/tr><tr><td>Hight confidence Clear<\/td><td>ED\/OCD<\/td><td>frei<\/td><\/tr><tr><td>Dd<\/td><td>Dilute-Status<\/td><td>DD<\/td><\/tr><tr><td>clear<\/td><td>JME<\/td><td>clear<\/td><\/tr><tr><td><a href=\"http:\/\/www.anunnaki.cz\/\">http:\/\/www.anunnaki.cz<\/a><\/td><td>www<\/td><td><a href=\"http:\/\/www.kimbungakifahari.de\/\">http:\/\/www.kimbungakifahari.de<\/a><\/td><\/tr><\/tbody><\/table>\n\n\n\n<p><\/p>\n\n\n\n<p>04.03.2019 : Die Welpen sind da <\/p>\n\n\n\n<figure class=\"wp-block-image\"><img loading=\"lazy\" decoding=\"async\" width=\"800\" height=\"534\" src=\"http:\/\/kimbungakifahari.de\/wp-content\/uploads\/2021\/01\/54432456_2286618618280377_2637571083267473408_n-1.jpg\" alt=\"\" class=\"wp-image-629\" srcset=\"http:\/\/kimbungakifahari.de\/wp-content\/uploads\/2021\/01\/54432456_2286618618280377_2637571083267473408_n-1.jpg 800w, http:\/\/kimbungakifahari.de\/wp-content\/uploads\/2021\/01\/54432456_2286618618280377_2637571083267473408_n-1-300x200.jpg 300w, http:\/\/kimbungakifahari.de\/wp-content\/uploads\/2021\/01\/54432456_2286618618280377_2637571083267473408_n-1-768x513.jpg 768w\" sizes=\"(max-width: 800px) 100vw, 800px\" \/><\/figure>\n\n\n\n<p>09.03.2019: Am Montag um 07.50Uhr \u00fcberraschte uns Ema mit der Geburt des ersten Welpen. 44 Stunden sp\u00e4ter kam der letzte Racker an. Mehr dazu unter diesem Link: <a href=\"http:\/\/kimbungakifahari.de\/?p=325\">http:\/\/kimbungakifahari.de\/?p=325<\/a><\/p>\n\n\n\n<ul class=\"wp-block-gallery columns-1 is-cropped wp-block-gallery-1 is-layout-flex wp-block-gallery-is-layout-flex\"><li class=\"blocks-gallery-item\"><figure><img loading=\"lazy\" decoding=\"async\" width=\"750\" height=\"562\" src=\"http:\/\/kimbungakifahari.de\/wp-content\/uploads\/2021\/01\/20190306_1.jpg\" alt=\"\" data-id=\"1036\" data-link=\"http:\/\/kimbungakifahari.de\/?attachment_id=1036\" class=\"wp-image-1036\" srcset=\"http:\/\/kimbungakifahari.de\/wp-content\/uploads\/2021\/01\/20190306_1.jpg 750w, http:\/\/kimbungakifahari.de\/wp-content\/uploads\/2021\/01\/20190306_1-300x225.jpg 300w\" sizes=\"(max-width: 750px) 100vw, 750px\" \/><\/figure><\/li><\/ul>\n\n\n\n<p>Ema und Ihre zw\u00f6lf Welpen sind alle gesund und wohl auf!<\/p>\n\n\n\n<p>Weitere Fotos und Informationen zum B- Wurf finden Sie unter &#8222;Welpenvorstellung&#8220; hier auf unserer Webseite <a href=\"http:\/\/kimbungakifahari.de\/?s=welpenvorstellung\">http:\/\/kimbungakifahari.de\/?s=welpenvorstellung<\/a> oder auch auf unserem Facebook Account <a href=\"https:\/\/www.facebook.com\/kimbungakifahari\">https:\/\/www.facebook.com\/kimbungakifahari<\/a><\/p>\n","protected":false},"excerpt":{"rendered":"<p>Rhodesian Ridgeback 2019 \u2013 die Zweite Erstens kommt es anders und zweitens als man denkt! Am 24. Dezember 2018 haben wir erfahren, dass der von uns ausgew\u00e4hlte Deckr\u00fcde leider nicht zur Verf\u00fcgung steht. Nun ist es ungemein leicht \u00fcber die Feiertage einen neuen Deckr\u00fcden zu finden. Da auch wir ein besinnliches Weihnachtsfest mit unserer Familie feiern wollten, haben wir kurzerhand zum Messenger gegriffen und von&nbsp;\u0160\u00e1rka, der Besitzerin unseres ersten Deckr\u00fcden&hellip;<\/p>\n","protected":false},"author":1,"featured_media":0,"parent":0,"menu_order":0,"comment_status":"closed","ping_status":"closed","template":"","meta":{"footnotes":""},"class_list":["post-103","page","type-page","status-publish","hentry","no-post-thumbnail"],"_links":{"self":[{"href":"http:\/\/kimbungakifahari.de\/index.php?rest_route=\/wp\/v2\/pages\/103"}],"collection":[{"href":"http:\/\/kimbungakifahari.de\/index.php?rest_route=\/wp\/v2\/pages"}],"about":[{"href":"http:\/\/kimbungakifahari.de\/index.php?rest_route=\/wp\/v2\/types\/page"}],"author":[{"embeddable":true,"href":"http:\/\/kimbungakifahari.de\/index.php?rest_route=\/wp\/v2\/users\/1"}],"replies":[{"embeddable":true,"href":"http:\/\/kimbungakifahari.de\/index.php?rest_route=%2Fwp%2Fv2%2Fcomments&post=103"}],"version-history":[{"count":26,"href":"http:\/\/kimbungakifahari.de\/index.php?rest_route=\/wp\/v2\/pages\/103\/revisions"}],"predecessor-version":[{"id":1037,"href":"http:\/\/kimbungakifahari.de\/index.php?rest_route=\/wp\/v2\/pages\/103\/revisions\/1037"}],"wp:attachment":[{"href":"http:\/\/kimbungakifahari.de\/index.php?rest_route=%2Fwp%2Fv2%2Fmedia&parent=103"}],"curies":[{"name":"wp","href":"https:\/\/api.w.org\/{rel}","templated":true}]}}